{"id":1537,"date":"2022-10-06T19:12:52","date_gmt":"2022-10-06T22:12:52","guid":{"rendered":"https:\/\/pesmartinez-sjn.infd.edu.ar\/sitio\/?page_id=1537"},"modified":"2025-06-24T12:17:28","modified_gmt":"2025-06-24T15:17:28","slug":"desarrollo-profesional-docente","status":"publish","type":"page","link":"https:\/\/pesmartinez-sjn.infd.edu.ar\/sitio\/desarrollo-profesional-docente\/","title":{"rendered":"Desarrollo Profesional Docente"},"content":{"rendered":"\n<p class=\"has-text-align-center has-contrast-color has-text-color has-background has-medium-font-size\" style=\"background:radial-gradient(rgb(202,248,128) 19%,rgb(113,206,126) 42%)\"><strong><em><code>Ciclo de Formaci\u00f3n<\/code><\/em><\/strong><\/p>\n\n\n\n<p class=\"has-text-align-center has-medium-font-size\"><code>\u201cFormaci\u00f3n Pedag\u00f3gica para la Educaci\u00f3n Especial para agentes en ejercicio en instituciones afines y aspirantes a ingresar a la misma\u201d<\/code><\/p>\n\n\n\n<figure class=\"wp-block-table is-style-stripes\"><table class=\"has-contrast-color has-pale-ocean-gradient-background has-text-color has-background\"><tbody><tr><td class=\"has-text-align-center\" data-align=\"center\"><strong>Modalidad<\/strong><\/td><td class=\"has-text-align-left\" data-align=\"left\">Presencial\/virtual con alternancia.<\/td><\/tr><tr><td class=\"has-text-align-center\" data-align=\"center\"><strong>Duraci\u00f3n<\/strong><\/td><td class=\"has-text-align-left\" data-align=\"left\">1 a\u00f1o- VI M\u00f3dulos-<\/td><\/tr><tr><td class=\"has-text-align-center\" data-align=\"center\"><strong>Destinatarios<\/strong><\/td><td class=\"has-text-align-left\" data-align=\"left\">Agentes sin t\u00edtulo docente: celadores<br>Docentes de otras disciplinas, agentes con t\u00edtulo: de Nivel Medio completo, de capacitaci\u00f3n Laboral o de escuelas T\u00e9cnicas.<br>Aspirantes a ingresar a la modalidad de EE (cupo limitado).<\/td><\/tr><tr><td class=\"has-text-align-center\" data-align=\"center\"><strong>Requisitos<\/strong><\/td><td class=\"has-text-align-left\" data-align=\"left\">Certificaci\u00f3n de servicio en Instituci\u00f3n de Educaci\u00f3n Especial (para quienes trabajan en EE).<br>T\u00edtulo y Formaci\u00f3n en Educaci\u00f3n Secundaria o de Capacitaci\u00f3n Laboral, completo.<\/td><\/tr><tr><td class=\"has-text-align-center\" data-align=\"center\"><strong>Inscripci\u00f3n<\/strong><\/td><td class=\"has-text-align-left\" data-align=\"left\">La inscripci\u00f3n se realizar\u00e1 en forma presencial, el <strong>VIERNES 27 DE JUNIO<\/strong>, de 8:30 a 12:30Hs. y de 17:30 a 20:30Hs. en sede del ISFD Monse\u00f1or Dr. Silvino Martinez.<br>La inscripci\u00f3n se realizar\u00e1 hasta completar el cupo autorizado y est\u00e1 sujeta a la verificaci\u00f3n de la documentaci\u00f3n a presentar (copias legalizadas).\u00a0<\/td><\/tr><tr><td class=\"has-text-align-center\" data-align=\"center\"><strong>Documentaci\u00f3n a presentar (copias legalizadas)<\/strong><\/td><td class=\"has-text-align-left\" data-align=\"left\">DNI<br>T\u00edtulo y Formaci\u00f3n en Educaci\u00f3n Secundaria o de Capacitaci\u00f3n Laboral, completo.<br>Certificaci\u00f3n de servicio en Instituci\u00f3n de Educaci\u00f3n Especial-original- (para quienes trabajan en EE)-<\/td><\/tr><tr><td class=\"has-text-align-center\" data-align=\"center\"><strong>Importante<\/strong><\/td><td class=\"has-text-align-left\" data-align=\"left\"><strong>Cupos limitados<\/strong> <\/td><\/tr><\/tbody><\/table><figcaption class=\"wp-element-caption\">                                                                                                     <strong>Inicio del cursado: LUNES 18\/08\/25<\/strong><\/figcaption><\/figure>\n","protected":false},"excerpt":{"rendered":"<p>Ciclo de Formaci\u00f3n \u201cFormaci\u00f3n Pedag\u00f3gica para la Educaci\u00f3n Especial para agentes en ejercicio en instituciones afines y aspirantes a ingresar a la misma\u201d Modalidad Presencial\/virtual con alternancia. Duraci\u00f3n 1 a\u00f1o- VI M\u00f3dulos- Destinatarios Agentes sin t\u00edtulo docente: celadoresDocentes de otras disciplinas, agentes con t\u00edtulo: de Nivel Medio completo, de capacitaci\u00f3n Laboral o de escuelas T\u00e9cnicas.Aspirantes &#8230; <a title=\"Desarrollo Profesional Docente\" class=\"read-more\" href=\"https:\/\/pesmartinez-sjn.infd.edu.ar\/sitio\/desarrollo-profesional-docente\/\" aria-label=\"More on Desarrollo Profesional Docente\">[+]<\/a><\/p>\n","protected":false},"author":196,"featured_media":0,"parent":0,"menu_order":0,"comment_status":"closed","ping_status":"closed","template":"","meta":[],"acf":[],"_links":{"self":[{"href":"https:\/\/pesmartinez-sjn.infd.edu.ar\/sitio\/wp-json\/wp\/v2\/pages\/1537"}],"collection":[{"href":"https:\/\/pesmartinez-sjn.infd.edu.ar\/sitio\/wp-json\/wp\/v2\/pages"}],"about":[{"href":"https:\/\/pesmartinez-sjn.infd.edu.ar\/sitio\/wp-json\/wp\/v2\/types\/page"}],"author":[{"embeddable":true,"href":"https:\/\/pesmartinez-sjn.infd.edu.ar\/sitio\/wp-json\/wp\/v2\/users\/196"}],"replies":[{"embeddable":true,"href":"https:\/\/pesmartinez-sjn.infd.edu.ar\/sitio\/wp-json\/wp\/v2\/comments?post=1537"}],"version-history":[{"count":12,"href":"https:\/\/pesmartinez-sjn.infd.edu.ar\/sitio\/wp-json\/wp\/v2\/pages\/1537\/revisions"}],"predecessor-version":[{"id":2244,"href":"https:\/\/pesmartinez-sjn.infd.edu.ar\/sitio\/wp-json\/wp\/v2\/pages\/1537\/revisions\/2244"}],"wp:attachment":[{"href":"https:\/\/pesmartinez-sjn.infd.edu.ar\/sitio\/wp-json\/wp\/v2\/media?parent=1537"}],"curies":[{"name":"wp","href":"https:\/\/api.w.org\/{rel}","templated":true}]}}