{"id":749,"date":"2018-06-28T02:01:23","date_gmt":"2018-06-28T05:01:23","guid":{"rendered":"https:\/\/pesmartinez-sjn.infd.edu.ar\/sitio\/profesorado-de-educacion-especial-con-orientacion-en-discapacidad-intelectual\/"},"modified":"2023-08-04T08:07:06","modified_gmt":"2023-08-04T11:07:06","slug":"profesorado-de-educacion-especial-con-orientacion-en-discapacidad-intelectual","status":"publish","type":"page","link":"https:\/\/pesmartinez-sjn.infd.edu.ar\/sitio\/profesorado-de-educacion-especial-con-orientacion-en-discapacidad-intelectual\/","title":{"rendered":"Profesorado de Educaci\u00f3n Especial con Orientaci\u00f3n en Discapacidad Intelectual"},"content":{"rendered":"\n<div class=\"wp-block-columns is-layout-flex wp-container-2\">\n<div class=\"wp-block-column is-layout-flow\">\n<p class=\"has-text-align-center has-background\" style=\"background-color:#e1e5e8\"><strong>PLAN DE ESTUDIOS<\/strong><\/p>\n<\/div>\n<\/div>\n\n\n\n<div class=\"wp-block-columns is-layout-flex wp-container-4\">\n<div class=\"wp-block-column is-layout-flow\">\n<p class=\"has-text-align-center has-background\" style=\"background-color:#b0b3b6\"><strong>CICLO B\u00c1SICO COM\u00daN  A LAS CUATRO ORIENTACIONES<\/strong><\/p>\n<\/div>\n<\/div>\n\n\n\n<div class=\"wp-block-columns is-layout-flex wp-container-7\">\n<div class=\"wp-block-column is-layout-flow\" style=\"flex-basis:33.33%\">\n<p class=\"has-text-align-center has-luminous-vivid-orange-color has-vivid-green-cyan-background-color has-text-color has-background\"><strong>1\u00b0 A\u00f1o<\/strong><\/p>\n<\/div>\n\n\n\n<div class=\"wp-block-column is-layout-flow\" style=\"flex-basis:66.66%\">\n<p class=\"has-pale-cyan-blue-background-color has-background\">Historia Social, Argentina y Latinoamericana<\/p>\n\n\n\n<p class=\"has-light-green-cyan-background-color has-background\">Psicolog\u00eda General y Educacional<\/p>\n\n\n\n<p class=\"has-pale-cyan-blue-background-color has-background\">Iniciaci\u00f3n a las TIC<\/p>\n\n\n\n<p class=\"has-light-green-cyan-background-color has-background\">Aportes de Sociolog\u00eda y Antropolog\u00eda a la Educaci\u00f3n<\/p>\n\n\n\n<p class=\"has-pale-cyan-blue-background-color has-background\">Lengua y Literatura<\/p>\n\n\n\n<p class=\"has-light-green-cyan-background-color has-background\">Ciencias Sociales<\/p>\n\n\n\n<p class=\"has-pale-cyan-blue-background-color has-background\">Teor\u00eda de la Educaci\u00f3n<\/p>\n\n\n\n<p class=\"has-light-green-cyan-background-color has-background\">Filosof\u00eda y Conocimiento<\/p>\n\n\n\n<p class=\"has-pale-cyan-blue-background-color has-background\">Desarrollo del Pensamiento Matem\u00e1tico<\/p>\n\n\n\n<p class=\"has-light-green-cyan-background-color has-background\"> Ciencias Naturales<\/p>\n\n\n\n<p class=\"has-pale-cyan-blue-background-color has-background\">Sujeto de la Educaci\u00f3n<\/p>\n\n\n\n<p class=\"has-light-green-cyan-background-color has-background\">Pr\u00e1ctica I: Aproximaci\u00f3n a las Instituciones socioculturales y educativas en su contexto<\/p>\n<\/div>\n<\/div>\n\n\n\n<div class=\"wp-block-columns is-layout-flex wp-container-10\">\n<div class=\"wp-block-column is-layout-flow\" style=\"flex-basis:33.33%\">\n<p class=\"has-text-align-center has-luminous-vivid-orange-color has-vivid-green-cyan-background-color has-text-color has-background\"><strong>2\u00b0 A\u00f1o<\/strong><\/p>\n<\/div>\n\n\n\n<div class=\"wp-block-column is-layout-flow\" style=\"flex-basis:66.66%\">\n<p class=\"has-pale-cyan-blue-background-color has-background\">Estado, Sociedad y Educaci\u00f3n<\/p>\n\n\n\n<p class=\"has-light-green-cyan-background-color has-background\">Alfabetizaci\u00f3n<\/p>\n\n\n\n<p class=\"has-pale-cyan-blue-background-color has-background\">Did\u00e1ctica de la Matem\u00e1tica<\/p>\n\n\n\n<p class=\"has-light-green-cyan-background-color has-background\">Base Neuro-psico-biol\u00f3gica del Desarrollo<\/p>\n\n\n\n<p class=\"has-pale-cyan-blue-background-color has-background\">Problemas Contempor\u00e1neos de la E.E e Inclusiva<\/p>\n\n\n\n<p class=\"has-light-green-cyan-background-color has-background\">Did\u00e1ctica de la Lengua<\/p>\n\n\n\n<p class=\"has-pale-cyan-blue-background-color has-background\">Did\u00e1ctica de las Ciencias Sociales<\/p>\n\n\n\n<p class=\"has-light-green-cyan-background-color has-background\">Did\u00e1ctica de las Ciencias Naturales<\/p>\n\n\n\n<p class=\"has-pale-cyan-blue-background-color has-background\">Did\u00e1ctica y Curriculum<\/p>\n\n\n\n<p class=\"has-light-green-cyan-background-color has-background\">Sujeto de la Educaci\u00f3n Especial I<\/p>\n\n\n\n<p class=\"has-pale-cyan-blue-background-color has-background\">Pr\u00e1ctica II: La Instituci\u00f3n escolar y las practicas curriculares<\/p>\n<\/div>\n<\/div>\n\n\n\n<div class=\"wp-block-columns is-layout-flex wp-container-12\">\n<div class=\"wp-block-column is-layout-flow\">\n<p class=\"has-text-align-center has-vivid-purple-color has-text-color has-background has-medium-font-size\" style=\"background-color:#e3dde8\"><strong>Profesorado de Educaci\u00f3n Especial con Orientaci\u00f3n en Discapacidad Intelectual<\/strong> (ciclo espec\u00edfico)<\/p>\n<\/div>\n<\/div>\n\n\n\n<div class=\"wp-block-columns is-layout-flex wp-container-15\">\n<div class=\"wp-block-column is-layout-flow\" style=\"flex-basis:33.33%\">\n<p class=\"has-text-align-center has-luminous-vivid-orange-color has-luminous-vivid-amber-background-color has-text-color has-background\"><strong>3\u00b0 A\u00f1o<\/strong><\/p>\n<\/div>\n\n\n\n<div class=\"wp-block-column is-layout-flow\" style=\"flex-basis:66.66%\">\n<p class=\"has-background\" style=\"background-color:#889d06\">Formaci\u00f3n \u00c9tica y Ciudadana<\/p>\n\n\n\n<p class=\"has-background\" style=\"background-color:#efb58b\">Abordaje pedag\u00f3gico en personas con discapacidad intelectual en nivel inicial<\/p>\n\n\n\n<p class=\"has-background\" style=\"background-color:#889d06\">Abordaje pedag\u00f3gico en personas con discapacidad intelectual en nivel primario<\/p>\n\n\n\n<p class=\"has-background\" style=\"background-color:#efb58b\">Educaci\u00f3n Psicomotr\u00edz y Atenci\u00f3n temprana<\/p>\n\n\n\n<p class=\"has-background\" style=\"background-color:#889d06\">Lenguaje art\u00edstico: expresi\u00f3n visual<\/p>\n\n\n\n<p class=\"has-background\" style=\"background-color:#efb58b\">Educaci\u00f3n sexual integral<\/p>\n\n\n\n<p class=\"has-background\" style=\"background-color:#889d06\">Tecnolog\u00eda de la informaci\u00f3n y comunicaci\u00f3n en Sujetos con Discapacidad Intelectual<\/p>\n\n\n\n<p class=\"has-background\" style=\"background-color:#efb58b\">Comunicaci\u00f3n, Lenguaje y Alteraciones en personas con discapacidad intelectual<\/p>\n\n\n\n<p class=\"has-background\" style=\"background-color:#889d06\">Lenguaje Art\u00edstico: Teatro<\/p>\n\n\n\n<p class=\"has-background\" style=\"background-color:#efb58b\">Lenguaje Art\u00edstico: Expresi\u00f3n corporal<\/p>\n\n\n\n<p class=\"has-background\" style=\"background-color:#889d06\">Sujeto de la Educaci\u00f3n Especial II<\/p>\n\n\n\n<p class=\"has-background\" style=\"background-color:#efb58b\">Pr\u00e1ctica III; El aula como escenario de pr\u00e1cticas de ense\u00f1anza, an\u00e1lisis y reflexi\u00f3n sobre pr\u00e1cticas <\/p>\n<\/div>\n<\/div>\n\n\n\n<div class=\"wp-block-columns is-layout-flex wp-container-18\">\n<div class=\"wp-block-column is-layout-flow\" style=\"flex-basis:33.33%\">\n<p class=\"has-text-align-center has-luminous-vivid-orange-color has-luminous-vivid-amber-background-color has-text-color has-background\"><strong>4\u00b0 A\u00f1o<\/strong><\/p>\n<\/div>\n\n\n\n<div class=\"wp-block-column is-layout-flow\" style=\"flex-basis:66.66%\">\n<p class=\"has-vivid-cyan-blue-background-color has-background\">Investigaci\u00f3n educativa<\/p>\n\n\n\n<p class=\"has-background\" style=\"background-color:#f0bcc9\">Abordaje Pedag\u00f3gico de la Multidiscapacidad<\/p>\n\n\n\n<p class=\"has-vivid-cyan-blue-background-color has-background\">Lenguaje Art\u00edstico: Expresi\u00f3n Musical<\/p>\n\n\n\n<p class=\"has-background\" style=\"background-color:#f0bcc9\">\u00c9tica Profesional Docente<\/p>\n\n\n\n<p class=\"has-vivid-cyan-blue-background-color has-background\">Inclusi\u00f3n Educativa y trabajo interdisciplinario<\/p>\n\n\n\n<p class=\"has-background\" style=\"background-color:#f0bcc9\">Abordaje Social y Pedag\u00f3gico de j\u00f3venes y adultos para el desempe\u00f1o social y ocupacional<\/p>\n\n\n\n<p class=\"has-vivid-cyan-blue-background-color has-background\">Pr\u00e1ctica IV; Residencia pedag\u00f3gica, trabajo y rol docente<\/p>\n\n\n\n<p class=\"has-background\" style=\"background-color:#f0bcc9\">UDI I <\/p>\n\n\n\n<p class=\"has-vivid-cyan-blue-background-color has-background\">UDI II<\/p>\n\n\n\n<p class=\"has-background\" style=\"background-color:#f0bcc9\">UDI III<\/p>\n<\/div>\n<\/div>\n","protected":false},"excerpt":{"rendered":"<p>PLAN DE ESTUDIOS CICLO B\u00c1SICO COM\u00daN A LAS CUATRO ORIENTACIONES 1\u00b0 A\u00f1o Historia Social, Argentina y Latinoamericana Psicolog\u00eda General y Educacional Iniciaci\u00f3n a las TIC Aportes de Sociolog\u00eda y Antropolog\u00eda a la Educaci\u00f3n Lengua y Literatura Ciencias Sociales Teor\u00eda de la Educaci\u00f3n Filosof\u00eda y Conocimiento Desarrollo del Pensamiento Matem\u00e1tico Ciencias Naturales Sujeto de la Educaci\u00f3n &#8230; <a title=\"Profesorado de Educaci\u00f3n Especial con Orientaci\u00f3n en Discapacidad Intelectual\" class=\"read-more\" href=\"https:\/\/pesmartinez-sjn.infd.edu.ar\/sitio\/profesorado-de-educacion-especial-con-orientacion-en-discapacidad-intelectual\/\" aria-label=\"More on Profesorado de Educaci\u00f3n Especial con Orientaci\u00f3n en Discapacidad Intelectual\">[+]<\/a><\/p>\n","protected":false},"author":574,"featured_media":0,"parent":0,"menu_order":0,"comment_status":"closed","ping_status":"closed","template":"","meta":[],"acf":[],"_links":{"self":[{"href":"https:\/\/pesmartinez-sjn.infd.edu.ar\/sitio\/wp-json\/wp\/v2\/pages\/749"}],"collection":[{"href":"https:\/\/pesmartinez-sjn.infd.edu.ar\/sitio\/wp-json\/wp\/v2\/pages"}],"about":[{"href":"https:\/\/pesmartinez-sjn.infd.edu.ar\/sitio\/wp-json\/wp\/v2\/types\/page"}],"author":[{"embeddable":true,"href":"https:\/\/pesmartinez-sjn.infd.edu.ar\/sitio\/wp-json\/wp\/v2\/users\/574"}],"replies":[{"embeddable":true,"href":"https:\/\/pesmartinez-sjn.infd.edu.ar\/sitio\/wp-json\/wp\/v2\/comments?post=749"}],"version-history":[{"count":16,"href":"https:\/\/pesmartinez-sjn.infd.edu.ar\/sitio\/wp-json\/wp\/v2\/pages\/749\/revisions"}],"predecessor-version":[{"id":1792,"href":"https:\/\/pesmartinez-sjn.infd.edu.ar\/sitio\/wp-json\/wp\/v2\/pages\/749\/revisions\/1792"}],"wp:attachment":[{"href":"https:\/\/pesmartinez-sjn.infd.edu.ar\/sitio\/wp-json\/wp\/v2\/media?parent=749"}],"curies":[{"name":"wp","href":"https:\/\/api.w.org\/{rel}","templated":true}]}}