{"id":751,"date":"2018-06-28T02:01:24","date_gmt":"2018-06-28T05:01:24","guid":{"rendered":"https:\/\/pesmartinez-sjn.infd.edu.ar\/sitio\/profesorado-de-educacion-especial-con-orientacion-en-ciegos-y-disminuidos-visuales\/"},"modified":"2022-12-20T11:17:38","modified_gmt":"2022-12-20T14:17:38","slug":"profesorado-de-educacion-especial-con-orientacion-en-ciegos-y-disminuidos-visuales","status":"publish","type":"page","link":"https:\/\/pesmartinez-sjn.infd.edu.ar\/sitio\/profesorado-de-educacion-especial-con-orientacion-en-ciegos-y-disminuidos-visuales\/","title":{"rendered":"Profesorado de Educaci\u00f3n Especial con Orientaci\u00f3n en Ciegos y Disminuidos Visuales"},"content":{"rendered":"\n<div class=\"wp-block-columns is-layout-flex wp-container-4\">\n<div class=\"wp-block-column is-layout-flow\">\n<p class=\"has-text-align-center has-background\" style=\"background-color:#eff3f5\"><strong>PLAN DE ESTUDIOS<\/strong><\/p>\n\n\n\n<div class=\"wp-block-columns is-layout-flex wp-container-2\">\n<div class=\"wp-block-column is-layout-flow\">\n<p class=\"has-text-align-center has-background\" style=\"background-color:#b1b8bb\"><strong>CICLO B\u00c1SICO COM\u00daN A LAS CUATRO ORIENTACIONES<\/strong><\/p>\n<\/div>\n<\/div>\n<\/div>\n<\/div>\n\n\n\n<div class=\"wp-block-columns is-layout-flex wp-container-7\">\n<div class=\"wp-block-column is-layout-flow\" style=\"flex-basis:33.33%\">\n<p class=\"has-text-align-center has-luminous-vivid-orange-color has-vivid-green-cyan-background-color has-text-color has-background\"><strong>1\u00b0 A\u00f1o<\/strong><\/p>\n<\/div>\n\n\n\n<div class=\"wp-block-column is-layout-flow\" style=\"flex-basis:66.66%\">\n<p class=\"has-pale-cyan-blue-background-color has-background\">Historia Social Argentina y Latinoamericana<\/p>\n\n\n\n<p class=\"has-light-green-cyan-background-color has-background\">Psicolog\u00eda General y Educaional<\/p>\n\n\n\n<p class=\"has-pale-cyan-blue-background-color has-background\">Iniciaci\u00f3n a las TIC<\/p>\n\n\n\n<p class=\"has-light-green-cyan-background-color has-background\">Aportes de Sociolog\u00eda y Antropolog\u00eda a la Educaci\u00f3n<\/p>\n\n\n\n<p class=\"has-pale-cyan-blue-background-color has-background\">Lengua y Literatura<\/p>\n\n\n\n<p class=\"has-light-green-cyan-background-color has-background\">Ciencias Sociales<\/p>\n\n\n\n<p class=\"has-pale-cyan-blue-background-color has-background\">Teor\u00edas de la Educaci\u00f3n<\/p>\n\n\n\n<p class=\"has-light-green-cyan-background-color has-background\">Filosof\u00eda y Conocimiento<\/p>\n\n\n\n<p class=\"has-pale-cyan-blue-background-color has-background\">Desarrollo del Pensamiento Matem\u00e1tico<\/p>\n\n\n\n<p class=\"has-light-green-cyan-background-color has-background\">Ciencias Naturales<\/p>\n\n\n\n<p class=\"has-pale-cyan-blue-background-color has-background\">Sujeto de la Educaci\u00f3n<\/p>\n\n\n\n<p class=\"has-light-green-cyan-background-color has-background\">Pr\u00e1ctica I; Aprox. Inst. Sociocult. y Educ. en su Contexto<\/p>\n<\/div>\n<\/div>\n\n\n\n<div class=\"wp-block-columns is-layout-flex wp-container-10\">\n<div class=\"wp-block-column is-layout-flow\" style=\"flex-basis:33.33%\">\n<p class=\"has-text-align-center has-luminous-vivid-orange-color has-vivid-green-cyan-background-color has-text-color has-background\"><strong>2\u00b0 A\u00f1o<\/strong><\/p>\n<\/div>\n\n\n\n<div class=\"wp-block-column is-layout-flow\" style=\"flex-basis:66.66%\">\n<p class=\"has-pale-cyan-blue-background-color has-background\">Estado, Sociedad y Educaci\u00f3n<\/p>\n\n\n\n<p class=\"has-light-green-cyan-background-color has-background\">Alfabetizaci\u00f3n<\/p>\n\n\n\n<p class=\"has-pale-cyan-blue-background-color has-background\">Did\u00e1ctica de la Matem\u00e1tica<\/p>\n\n\n\n<p class=\"has-light-green-cyan-background-color has-background\">Base Neuro-psico-biol\u00f3gicas del Desarrollo<\/p>\n\n\n\n<p class=\"has-pale-cyan-blue-background-color has-background\">Problemas Contempor\u00e1neos de la E.E e Inclusiva<\/p>\n\n\n\n<p class=\"has-light-green-cyan-background-color has-background\">Did\u00e1ctica de la Lengua<\/p>\n\n\n\n<p class=\"has-pale-cyan-blue-background-color has-background\">Did\u00e1ctica de las Ciencias Naturales<\/p>\n\n\n\n<p class=\"has-light-green-cyan-background-color has-background\">Did\u00e1ctica de las Ciencias Sociales<\/p>\n\n\n\n<p class=\"has-pale-cyan-blue-background-color has-background\">Did\u00e1ctica y Curriculum I<\/p>\n\n\n\n<p class=\"has-light-green-cyan-background-color has-background\">Sujeto de la Educaci\u00f3n Especial I<\/p>\n\n\n\n<p class=\"has-pale-cyan-blue-background-color has-background\">Pr\u00e1ctica II; La Instituci\u00f3n Escolar y las Practicas Curriculares <\/p>\n<\/div>\n<\/div>\n\n\n\n<div class=\"wp-block-columns is-layout-flex wp-container-12\">\n<div class=\"wp-block-column is-layout-flow\">\n<p class=\"has-text-align-center has-vivid-purple-color has-text-color has-background has-medium-font-size\" style=\"background-color:#ece8f0\"><strong>Profesorado de Educaci\u00f3n Especial con Orientaci\u00f3n en Ciegos y Disminuidos Visuales<\/strong> (ciclo espec\u00edfico)<\/p>\n<\/div>\n<\/div>\n\n\n\n<div class=\"wp-block-group\"><div class=\"wp-block-group__inner-container is-layout-flow\">\n<div class=\"wp-block-columns is-layout-flex wp-container-17\">\n<div class=\"wp-block-column is-layout-flow\" style=\"flex-basis:100%\">\n<div class=\"wp-block-columns is-layout-flex wp-container-15\">\n<div class=\"wp-block-column is-layout-flow\" style=\"flex-basis:33.33%\">\n<p class=\"has-text-align-center has-luminous-vivid-orange-color has-luminous-vivid-amber-background-color has-text-color has-background\"><strong>3\u00b0 A\u00f1o<\/strong><\/p>\n<\/div>\n\n\n\n<div class=\"wp-block-column is-layout-flow\" style=\"flex-basis:66.66%\">\n<p class=\"has-pale-pink-background-color has-background\"><strong>Formaci\u00f3n \u00c9tica y Ciudadana<\/strong><\/p>\n\n\n\n<p class=\"has-vivid-cyan-blue-background-color has-background\">Anatomofisiolog\u00eda del Aparato Visual<\/p>\n\n\n\n<p class=\"has-pale-pink-background-color has-background\"><strong>Abordaje Pedag\u00f3gico en Sujetos con Discapacidad Visual I<\/strong><\/p>\n\n\n\n<p class=\"has-vivid-cyan-blue-background-color has-background\">Orientaci\u00f3n y Movilidad. Actividades de la Vida Diaria<\/p>\n\n\n\n<p class=\"has-pale-pink-background-color has-background\"><strong>Educaci\u00f3n Sexual Integral<\/strong><\/p>\n\n\n\n<p class=\"has-vivid-cyan-blue-background-color has-background\">Tecn. de la Informaci\u00f3n y Comunicaci\u00f3n en Sujetos con DV<\/p>\n\n\n\n<p class=\"has-pale-pink-background-color has-background\"><strong>Tiflolog\u00eda: Recursos Tiflol\u00f3gicos y Tiflotecnol\u00f3gicos<\/strong><\/p>\n\n\n\n<p class=\"has-vivid-cyan-blue-background-color has-background\">Sujetos de la Educaci\u00f3n Especial II<\/p>\n\n\n\n<p class=\"has-pale-pink-background-color has-background\"><strong>Braile<\/strong><\/p>\n\n\n\n<p class=\"has-vivid-cyan-blue-background-color has-background\">Pr\u00e1ctica III: El aula como escenario de practicas de ense\u00f1anza, an\u00e1lisis y reflexi\u00f3n sobre las practicas<\/p>\n<\/div>\n<\/div>\n<\/div>\n<\/div>\n\n\n\n<p><\/p>\n<\/div><\/div>\n\n\n\n<div class=\"wp-block-columns is-layout-flex wp-container-21\">\n<div class=\"wp-block-column is-layout-flow\" style=\"flex-basis:33.33%\">\n<p><\/p>\n\n\n\n<p class=\"has-text-align-center has-luminous-vivid-amber-background-color has-background\"><span class=\"has-inline-color has-luminous-vivid-orange-color\"><strong>4\u00b0 A\u00f1o<\/strong><\/span><\/p>\n<\/div>\n\n\n\n<div class=\"wp-block-column is-layout-flow\" style=\"flex-basis:66.66%\">\n<p class=\"has-background\" style=\"background-color:#d9ea21\">Investigaci\u00f3n Educativa<\/p>\n\n\n\n<p class=\"has-vivid-green-cyan-background-color has-background\">Sujeto de Baja Visi\u00f3n: Estimulaci\u00f3n Visual. Rehabilitaci\u00f3n Visual<\/p>\n\n\n\n<p class=\"has-background\" style=\"background-color:#d9ea21\">Abordaje Pedag\u00f3gico en Sujetos con Discapacidad Visual II<\/p>\n\n\n\n<p class=\"has-vivid-green-cyan-background-color has-background\">\u00c9tica profesional docente<\/p>\n\n\n\n<p class=\"has-background\" style=\"background-color:#d9ea21\">Inclusi\u00f3n educativa y Trabajo Interdisciplinario<\/p>\n\n\n\n<p class=\"has-vivid-green-cyan-background-color has-background\">Lenguaje Art\u00edstico; Expresi\u00f3n Corporal y Musical<\/p>\n\n\n\n<p class=\"has-background\" style=\"background-color:#d9ea21\">Unidad de Definici\u00f3n Institucional I<\/p>\n\n\n\n<p class=\"has-vivid-green-cyan-background-color has-background\">Unidad de Definici\u00f3n Institucional II<\/p>\n\n\n\n<p class=\"has-background\" style=\"background-color:#d9ea21\">Unidad de Definici\u00f3n Institucional III<\/p>\n\n\n\n<p class=\"has-vivid-green-cyan-background-color has-background\">Pr\u00e1ctica IV: Residencia pedag\u00f3gica, trabajo y rol docente<\/p>\n<\/div>\n<\/div>\n","protected":false},"excerpt":{"rendered":"<p>PLAN DE ESTUDIOS CICLO B\u00c1SICO COM\u00daN A LAS CUATRO ORIENTACIONES 1\u00b0 A\u00f1o Historia Social Argentina y Latinoamericana Psicolog\u00eda General y Educaional Iniciaci\u00f3n a las TIC Aportes de Sociolog\u00eda y Antropolog\u00eda a la Educaci\u00f3n Lengua y Literatura Ciencias Sociales Teor\u00edas de la Educaci\u00f3n Filosof\u00eda y Conocimiento Desarrollo del Pensamiento Matem\u00e1tico Ciencias Naturales Sujeto de la Educaci\u00f3n &#8230; <a title=\"Profesorado de Educaci\u00f3n Especial con Orientaci\u00f3n en Ciegos y Disminuidos Visuales\" class=\"read-more\" href=\"https:\/\/pesmartinez-sjn.infd.edu.ar\/sitio\/profesorado-de-educacion-especial-con-orientacion-en-ciegos-y-disminuidos-visuales\/\" aria-label=\"More on Profesorado de Educaci\u00f3n Especial con Orientaci\u00f3n en Ciegos y Disminuidos Visuales\">[+]<\/a><\/p>\n","protected":false},"author":574,"featured_media":0,"parent":0,"menu_order":0,"comment_status":"closed","ping_status":"closed","template":"","meta":[],"acf":[],"_links":{"self":[{"href":"https:\/\/pesmartinez-sjn.infd.edu.ar\/sitio\/wp-json\/wp\/v2\/pages\/751"}],"collection":[{"href":"https:\/\/pesmartinez-sjn.infd.edu.ar\/sitio\/wp-json\/wp\/v2\/pages"}],"about":[{"href":"https:\/\/pesmartinez-sjn.infd.edu.ar\/sitio\/wp-json\/wp\/v2\/types\/page"}],"author":[{"embeddable":true,"href":"https:\/\/pesmartinez-sjn.infd.edu.ar\/sitio\/wp-json\/wp\/v2\/users\/574"}],"replies":[{"embeddable":true,"href":"https:\/\/pesmartinez-sjn.infd.edu.ar\/sitio\/wp-json\/wp\/v2\/comments?post=751"}],"version-history":[{"count":19,"href":"https:\/\/pesmartinez-sjn.infd.edu.ar\/sitio\/wp-json\/wp\/v2\/pages\/751\/revisions"}],"predecessor-version":[{"id":1738,"href":"https:\/\/pesmartinez-sjn.infd.edu.ar\/sitio\/wp-json\/wp\/v2\/pages\/751\/revisions\/1738"}],"wp:attachment":[{"href":"https:\/\/pesmartinez-sjn.infd.edu.ar\/sitio\/wp-json\/wp\/v2\/media?parent=751"}],"curies":[{"name":"wp","href":"https:\/\/api.w.org\/{rel}","templated":true}]}}