{"id":769,"date":"2018-06-28T02:01:31","date_gmt":"2018-06-28T05:01:31","guid":{"rendered":"https:\/\/pesmartinez-sjn.infd.edu.ar\/sitio\/biblioteca\/"},"modified":"2022-10-06T20:40:38","modified_gmt":"2022-10-06T23:40:38","slug":"biblioteca","status":"publish","type":"page","link":"https:\/\/pesmartinez-sjn.infd.edu.ar\/sitio\/biblioteca\/","title":{"rendered":"BIBLIOTECA"},"content":{"rendered":"\n<div class=\"wp-block-columns is-layout-flex wp-container-2\">\n<div class=\"wp-block-column is-layout-flow\" style=\"flex-basis:100%\">\n<table style=\"width: 731px; height: 2325px;\" border=\"0\">\n<tbody>\n<tr>\n<td style=\"width: 83px;\">\n<h4><strong>BIBLIOTECA<\/strong><\/h4>\n<\/td>\n<td style=\"width: 416px;\"><span style=\"font-size: 12pt;\">Estos documento se encuentra en formato digital, lo pueden\u00a0 descargar haciendo Clic en los Iconos de Descarga<\/span><\/td>\n<\/tr>\n<\/tbody>\n<caption>\n<h4><strong>BIBLIOTECARIO<\/strong><\/h4>\n<p>\u00a0<\/p>\n<p><span style=\"color: #ff0000;\">PABLO ANDR\u00c9S CASTRO PINTOS<\/span> <br \/><img decoding=\"async\" loading=\"lazy\" class=\"wp-image-1438 aligncenter\" src=\"https:\/\/pesmartinez-sjn.infd.edu.ar\/sitio\/wp-content\/uploads\/2022\/09\/pablo-bibliotecario.jpeg\" alt=\"\" width=\"197\" height=\"242\" \/><\/p>\n<\/caption>\n<tbody>\n<tr style=\"height: 46.1563px;\">\n<td style=\"width: 403px; height: 46.1563px;\">\n<pre><span style=\"font-size: 18pt;\">Jornada N\u00b01\u00a0 \u00a011-05- 2018<\/span><\/pre>\n<\/td>\n<td style=\"width: 10px; text-align: center; height: 46.1563px;\">\u00a0<\/td>\n<td style=\"width: 89px; height: 46.1563px;\"><span style=\"font-size: 12pt; background-color: #ffffff;\">\u00a0<span style=\"color: #000000;\">Descarga<\/span>\u00a0<\/span><\/td>\n<\/tr>\n<tr style=\"height: 25px;\">\n<td style=\"width: 403px; height: 25px;\">\u00a0Res CFE N\u00b0 337-18 Capacidades Profesionales<\/td>\n<td style=\"width: 10px; height: 25px;\">\u00a0<\/td>\n<td style=\"width: 89px; text-align: center; height: 25px;\"><a title=\"Jornada1\" href=\"upload\/Res_CFE_N_337-18_Capacidades_Profesionales.pdf\" target=\"_blank\" rel=\"noopener\"><img decoding=\"async\" loading=\"lazy\" title=\"Icono pdf\" src=\"https:\/\/enssanmartin-sjn.infd.edu.ar\/sitio\/upload\/img\/icono_pdf.gif\" alt=\"Icono pdf\" width=\"20\" height=\"20\" border=\"0\" \/>\u00a0<\/a><\/td>\n<\/tr>\n<tr style=\"height: 25px;\">\n<td style=\"width: 403px; height: 25px;\">\u00a0Eje 2.1- Las pr\u00e1cticas de comunicaci\u00f3n_ Lectura, escritura y oralidad en la formaci\u00f3n docente-1<\/td>\n<td style=\"width: 10px; height: 25px;\">\u00a0<\/td>\n<td style=\"width: 89px; text-align: center; height: 25px;\">\u00a0<a title=\"Jornada1\" href=\"upload\/Eje_2.1-_Las_practicas_de_comunicacion__Lectura_escritura_y_oralidad_en_la_formacion_docente-1.doc\" target=\"_blank\" rel=\"noopener\"><img decoding=\"async\" loading=\"lazy\" src=\"http:\/\/1.bp.blogspot.com\/_yu3gICZURwY\/SqfhNNS3b6I\/AAAAAAAACJo\/IiW5JkTeB-0\/s400\/Word.png\" width=\"24\" height=\"24\" border=\"0\" \/><\/a><\/td>\n<\/tr>\n<tr style=\"height: 25px;\">\n<td style=\"width: 403px; height: 25px;\">Comunicaci\u00f3n Actividades Sugeridas (1)<\/td>\n<td style=\"width: 10px; height: 25px;\">\u00a0<\/td>\n<td style=\"width: 89px; text-align: center; height: 25px;\">\u00a0<a title=\"Jornada1\" href=\"upload\/Comunicacion_Actividades_Sugeridas_1.doc\" target=\"_blank\" rel=\"noopener\"><img decoding=\"async\" loading=\"lazy\" src=\"http:\/\/1.bp.blogspot.com\/_yu3gICZURwY\/SqfhNNS3b6I\/AAAAAAAACJo\/IiW5JkTeB-0\/s400\/Word.png\" width=\"24\" height=\"24\" border=\"0\" \/><\/a><\/td>\n<\/tr>\n<tr style=\"height: 25px;\">\n<td style=\"width: 403px; height: 25px;\">Comunicaci\u00f3n oral y escrita<\/td>\n<td style=\"width: 10px; height: 25px;\">\u00a0<\/td>\n<td style=\"width: 89px; text-align: center; height: 25px;\"><a title=\"Jornada1\" href=\"upload\/Comunicacion_oral_y_escrita.pdf\" target=\"_blank\" rel=\"noopener\"><img decoding=\"async\" loading=\"lazy\" title=\"Icono pdf\" src=\"https:\/\/enssanmartin-sjn.infd.edu.ar\/sitio\/upload\/img\/icono_pdf.gif\" alt=\"Icono pdf\" width=\"20\" height=\"20\" border=\"0\" \/>\u00a0\u00a0<\/a><\/td>\n<\/tr>\n<tr style=\"height: 25px;\">\n<td style=\"width: 403px; height: 25px; text-align: center;\">\n<h2><span style=\"font-size: 14pt;\"><strong><span class=\"Titulo1\"><span class=\"Titulo1\"><span style=\"font-size: 18pt;\">Material Complementario<\/span><\/span><\/span><\/strong><\/span><\/h2>\n<\/td>\n<td style=\"width: 10px; height: 25px;\">\u00a0<\/td>\n<td style=\"width: 89px; text-align: center; height: 25px;\">\u00a0<\/td>\n<\/tr>\n<tr style=\"height: 25px;\">\n<td style=\"width: 403px; height: 25px;\">\u00a0Aportes para una discusi\u00f3n federal<\/td>\n<td style=\"width: 10px; height: 25px;\">\u00a0<\/td>\n<td style=\"width: 89px; text-align: center; height: 25px;\">\u00a0<a title=\"Jornada1\" href=\"upload\/Aportes_para_una_discucion_federal_1.pdf\" target=\"_blank\" rel=\"noopener\"><img decoding=\"async\" loading=\"lazy\" title=\"Icono pdf\" src=\"https:\/\/enssanmartin-sjn.infd.edu.ar\/sitio\/upload\/img\/icono_pdf.gif\" alt=\"Icono pdf\" width=\"20\" height=\"20\" border=\"0\" \/><\/a><\/td>\n<\/tr>\n<tr style=\"height: 29px;\">\n<td style=\"width: 403px; height: 29px;\">\u00a0Documento de Trabajo 2<\/td>\n<td style=\"width: 10px; height: 29px;\">\u00a0<\/td>\n<td style=\"width: 89px; text-align: center; height: 29px;\">\u00a0<a title=\"Jornada1\" href=\"upload\/Documento_de_Trabajo_2_1.docx\" target=\"_blank\" rel=\"noopener\"><img decoding=\"async\" loading=\"lazy\" src=\"http:\/\/1.bp.blogspot.com\/_yu3gICZURwY\/SqfhNNS3b6I\/AAAAAAAACJo\/IiW5JkTeB-0\/s400\/Word.png\" width=\"24\" height=\"24\" border=\"0\" \/><\/a><\/td>\n<\/tr>\n<tr style=\"height: 26px;\">\n<td style=\"width: 403px; height: 26px;\">\u00a0FASES_DE CONSTRUCCI\u00d3N_DE_SECUENCIAS_DID\u00c1CTICAS<\/td>\n<td style=\"width: 10px; height: 26px;\">\u00a0<\/td>\n<td style=\"width: 89px; text-align: center; height: 26px;\">\u00a0<a title=\"Jornada1\" href=\"upload\/FASES_DECONSTRUCCION_DE_SECUENCIAS_DIDACTICAS.pptx\" target=\"_blank\" rel=\"noopener\"><img decoding=\"async\" loading=\"lazy\" src=\"http:\/\/1.bp.blogspot.com\/_yu3gICZURwY\/SqfhNNS3b6I\/AAAAAAAACJo\/IiW5JkTeB-0\/s400\/Word.png\" width=\"21\" height=\"21\" border=\"0\" \/><\/a><\/td>\n<\/tr>\n<tr style=\"height: 27px;\">\n<td style=\"width: 403px; height: 27px;\">\u00a0GU\u00cdA Practica PARA ELABORAR SECUENCIAS Did\u00e1cticas<\/td>\n<td style=\"width: 10px; height: 27px;\">\u00a0<\/td>\n<td style=\"width: 89px; text-align: center; height: 27px;\">\u00a0<a title=\"Jornada1\" href=\"upload\/GUIA_PRACTICA_PARA_ELABORAR_SECUENCIAS_DIDACTICAS.docx\" target=\"_blank\" rel=\"noopener\"><img decoding=\"async\" loading=\"lazy\" src=\"http:\/\/1.bp.blogspot.com\/_yu3gICZURwY\/SqfhNNS3b6I\/AAAAAAAACJo\/IiW5JkTeB-0\/s400\/Word.png\" width=\"22\" height=\"22\" border=\"0\" \/><\/a><\/td>\n<\/tr>\n<tr style=\"height: 28px;\">\n<td style=\"width: 403px; height: 28px;\">\u00a0Documento de Trabajo 1<\/td>\n<td style=\"width: 10px; height: 28px;\">\u00a0<\/td>\n<td style=\"width: 89px; text-align: center; height: 28px;\">\u00a0<a title=\"Jornada1\" href=\"upload\/Jorge_Documento_de_Trabajo_1.docx\" target=\"_blank\" rel=\"noopener\"><img decoding=\"async\" loading=\"lazy\" src=\"http:\/\/1.bp.blogspot.com\/_yu3gICZURwY\/SqfhNNS3b6I\/AAAAAAAACJo\/IiW5JkTeB-0\/s400\/Word.png\" width=\"23\" height=\"23\" border=\"0\" \/><\/a><\/td>\n<\/tr>\n<tr style=\"height: 25px;\">\n<td style=\"width: 403px; height: 25px;\">\u00a0MEyD Hacia el desarrollo de Capacidades<\/td>\n<td style=\"width: 10px; height: 25px;\">\u00a0<\/td>\n<td style=\"width: 89px; text-align: center; height: 25px;\">\u00a0<a title=\"Jornada1\" href=\"upload\/MEyD___Hacia_el_desarrollo_de_____Capacidades.pdf\" target=\"_blank\" rel=\"noopener\"><img decoding=\"async\" loading=\"lazy\" title=\"Icono pdf\" src=\"https:\/\/enssanmartin-sjn.infd.edu.ar\/sitio\/upload\/img\/icono_pdf.gif\" alt=\"Icono pdf\" width=\"20\" height=\"20\" border=\"0\" \/><\/a><\/td>\n<\/tr>\n<tr style=\"height: 28px;\">\n<td style=\"width: 403px; height: 28px;\">\u00a0Secuencia Lengua Noticia (BORRADOR 12 de septiembre)<\/td>\n<td style=\"width: 10px; height: 28px;\">\u00a0<\/td>\n<td style=\"width: 89px; text-align: center; height: 28px;\">\u00a0<a title=\"Jornada1\" href=\"upload\/Secuencia_Lengua_Noticia_BORRADOR_12_de_septiembre.docx\" target=\"_blank\" rel=\"noopener\"><img decoding=\"async\" loading=\"lazy\" src=\"http:\/\/1.bp.blogspot.com\/_yu3gICZURwY\/SqfhNNS3b6I\/AAAAAAAACJo\/IiW5JkTeB-0\/s400\/Word.png\" width=\"23\" height=\"23\" border=\"0\" \/><\/a><\/td>\n<\/tr>\n<tr style=\"height: 26px;\">\n<td style=\"width: 403px; height: 26px;\">\u00a0Terminolog\u00eda_a_emplear_en_educaci\u00f3n_especial_22<\/td>\n<td style=\"width: 10px; height: 26px;\">\u00a0<\/td>\n<td style=\"width: 89px; text-align: center; height: 26px;\">\u00a0<a title=\"Jornada1\" href=\"upload\/Terminologia_a_emplear_en_educacion_especial_22.pdf\" target=\"_blank\" rel=\"noopener\"><img decoding=\"async\" loading=\"lazy\" title=\"Icono pdf\" src=\"https:\/\/enssanmartin-sjn.infd.edu.ar\/sitio\/upload\/img\/icono_pdf.gif\" alt=\"Icono pdf\" width=\"20\" height=\"20\" border=\"0\" \/><\/a><\/td>\n<\/tr>\n<tr style=\"height: 26px;\">\n<td style=\"width: 403px; height: 26px;\"><strong><span style=\"font-size: 18pt;\">Jornada N\u00b02\u00a0 \u00a029-08- 2018<\/span><\/strong><\/td>\n<td style=\"width: 10px; height: 26px;\">\u00a0<\/td>\n<td style=\"width: 89px; text-align: center; height: 26px;\">ZIP<\/td>\n<\/tr>\n<\/tbody>\n<\/table>\n<\/div>\n<\/div>\n\n\n\n<div class=\"wp-block-media-text alignwide is-stacked-on-mobile\"><figure class=\"wp-block-media-text__media\"><img decoding=\"async\" loading=\"lazy\" width=\"782\" height=\"440\" src=\"https:\/\/pesmartinez-sjn.infd.edu.ar\/sitio\/wp-content\/uploads\/2022\/09\/image.jpeg\" alt=\"\" class=\"wp-image-1424 size-full\" srcset=\"https:\/\/pesmartinez-sjn.infd.edu.ar\/sitio\/wp-content\/uploads\/2022\/09\/image.jpeg 782w, https:\/\/pesmartinez-sjn.infd.edu.ar\/sitio\/wp-content\/uploads\/2022\/09\/image-768x432.jpeg 768w\" sizes=\"(max-width: 782px) 100vw, 782px\" \/><\/figure><div class=\"wp-block-media-text__content\">\n<p><a href=\"https:\/\/sisanjuan.gob.ar\/turismo-y-cultura\/2022-09-26\/44163-llega-la-segunda-edicion-de-la-caja-de-ideas-herramientas\">https:\/\/sisanjuan.gob.ar\/turismo-y-cultura\/2022-09-26\/44163-llega-la-segunda-edici\u00f3n-de-la-caja-de-ideas-herramientas<\/a><\/p>\n<\/div><\/div>\n\n\n\n<div class=\"wp-block-columns is-layout-flex wp-container-5\">\n<div class=\"wp-block-column is-layout-flow\" style=\"flex-basis:100%\">\n<div class=\"wp-block-group\"><div class=\"wp-block-group__inner-container is-layout-flow\">\n<div class=\"wp-block-media-text alignwide is-stacked-on-mobile\" style=\"grid-template-columns:19% auto\"><figure class=\"wp-block-media-text__media\"><img decoding=\"async\" loading=\"lazy\" width=\"557\" height=\"674\" src=\"https:\/\/pesmartinez-sjn.infd.edu.ar\/sitio\/wp-content\/uploads\/2022\/09\/MANUAL.png\" alt=\"\" class=\"wp-image-1436 size-full\"\/><\/figure><div class=\"wp-block-media-text__content\">\n<p><a href=\"https:\/\/pesmartinez-sjn.infd.edu.ar\/sitio\/wp-content\/uploads\/2022\/09\/manual_educacion_inclusiva.pdf\">https:\/\/pesmartinez-sjn.infd.edu.ar\/sitio\/wp-content\/uploads\/2022\/09\/manual_educacion_inclusiva.pdf<\/a><\/p>\n<\/div><\/div>\n<\/div><\/div>\n<\/div>\n<\/div>\n","protected":false},"excerpt":{"rendered":"<p>BIBLIOTECA Estos documento se encuentra en formato digital, lo pueden\u00a0 descargar haciendo Clic en los Iconos de Descarga BIBLIOTECARIO \u00a0 PABLO ANDR\u00c9S CASTRO PINTOS Jornada N\u00b01\u00a0 \u00a011-05- 2018 \u00a0 \u00a0Descarga\u00a0 \u00a0Res CFE N\u00b0 337-18 Capacidades Profesionales \u00a0 \u00a0 \u00a0Eje 2.1- Las pr\u00e1cticas de comunicaci\u00f3n_ Lectura, escritura y oralidad en la formaci\u00f3n docente-1 \u00a0 \u00a0 Comunicaci\u00f3n &#8230; <a title=\"BIBLIOTECA\" class=\"read-more\" href=\"https:\/\/pesmartinez-sjn.infd.edu.ar\/sitio\/biblioteca\/\" aria-label=\"More on BIBLIOTECA\">[+]<\/a><\/p>\n","protected":false},"author":574,"featured_media":0,"parent":0,"menu_order":0,"comment_status":"closed","ping_status":"closed","template":"","meta":[],"acf":[],"_links":{"self":[{"href":"https:\/\/pesmartinez-sjn.infd.edu.ar\/sitio\/wp-json\/wp\/v2\/pages\/769"}],"collection":[{"href":"https:\/\/pesmartinez-sjn.infd.edu.ar\/sitio\/wp-json\/wp\/v2\/pages"}],"about":[{"href":"https:\/\/pesmartinez-sjn.infd.edu.ar\/sitio\/wp-json\/wp\/v2\/types\/page"}],"author":[{"embeddable":true,"href":"https:\/\/pesmartinez-sjn.infd.edu.ar\/sitio\/wp-json\/wp\/v2\/users\/574"}],"replies":[{"embeddable":true,"href":"https:\/\/pesmartinez-sjn.infd.edu.ar\/sitio\/wp-json\/wp\/v2\/comments?post=769"}],"version-history":[{"count":12,"href":"https:\/\/pesmartinez-sjn.infd.edu.ar\/sitio\/wp-json\/wp\/v2\/pages\/769\/revisions"}],"predecessor-version":[{"id":1564,"href":"https:\/\/pesmartinez-sjn.infd.edu.ar\/sitio\/wp-json\/wp\/v2\/pages\/769\/revisions\/1564"}],"wp:attachment":[{"href":"https:\/\/pesmartinez-sjn.infd.edu.ar\/sitio\/wp-json\/wp\/v2\/media?parent=769"}],"curies":[{"name":"wp","href":"https:\/\/api.w.org\/{rel}","templated":true}]}}