{"id":772,"date":"2018-06-28T02:01:32","date_gmt":"2018-06-28T05:01:32","guid":{"rendered":"https:\/\/pesmartinez-sjn.infd.edu.ar\/sitio\/profesorado-de-ensenanza-superior-monsenor-dr-silvino-martinez\/"},"modified":"2023-07-02T09:28:23","modified_gmt":"2023-07-02T12:28:23","slug":"profesorado-de-ensenanza-superior-monsenor-dr-silvino-martinez","status":"publish","type":"page","link":"https:\/\/pesmartinez-sjn.infd.edu.ar\/sitio\/profesorado-de-ensenanza-superior-monsenor-dr-silvino-martinez\/","title":{"rendered":"Profesorado de Educaci\u00f3n Especial con Orientaci\u00f3n en Discapacidad Neuromotora"},"content":{"rendered":"\n<div class=\"wp-block-columns is-layout-flex wp-container-2\">\n<div class=\"wp-block-column is-layout-flow\">\n<p class=\"has-text-align-center has-background\" style=\"background-color:#e2eaf0\"><strong>PLAN DE ESTUDIOS<\/strong><\/p>\n<\/div>\n<\/div>\n\n\n\n<div class=\"wp-block-columns is-layout-flex wp-container-4\">\n<div class=\"wp-block-column is-layout-flow\">\n<p class=\"has-text-align-center has-cyan-bluish-gray-background-color has-background\"><strong>CICLO B\u00c1SICO COM\u00daN A LAS CUATRO ORIENTACIONES<\/strong><\/p>\n<\/div>\n<\/div>\n\n\n\n<div class=\"wp-block-columns is-layout-flex wp-container-7\">\n<div class=\"wp-block-column is-layout-flow\" style=\"flex-basis:33.33%\">\n<p class=\"has-text-align-center has-luminous-vivid-orange-color has-vivid-green-cyan-background-color has-text-color has-background\"><strong>1\u00b0 A\u00f1o<\/strong><\/p>\n<\/div>\n\n\n\n<div class=\"wp-block-column is-layout-flow\" style=\"flex-basis:66.66%\">\n<p class=\"has-light-green-cyan-background-color has-background\">Historia Social, Argentina y Latinoamericana<\/p>\n\n\n\n<p class=\"has-pale-cyan-blue-background-color has-background\">Psicolog\u00eda General y Educacional<\/p>\n\n\n\n<p class=\"has-light-green-cyan-background-color has-background\">Iniciaci\u00f3n a las TICs<\/p>\n\n\n\n<p class=\"has-pale-cyan-blue-background-color has-background\">Aportes de la Sociolog\u00eda y la Antropolog\u00eda a la Educaci\u00f3n <\/p>\n\n\n\n<p class=\"has-light-green-cyan-background-color has-background\">Lengua y Literatura<\/p>\n\n\n\n<p class=\"has-pale-cyan-blue-background-color has-background\">Ciencias Sociales<\/p>\n\n\n\n<p class=\"has-light-green-cyan-background-color has-background\">Teor\u00eda de la Educaci\u00f3n<\/p>\n\n\n\n<p class=\"has-pale-cyan-blue-background-color has-background\">Filosof\u00eda y Conocimiento<\/p>\n\n\n\n<p class=\"has-light-green-cyan-background-color has-background\">Desarrollo del Pensamiento Matem\u00e1tico<\/p>\n\n\n\n<p class=\"has-pale-cyan-blue-background-color has-background\">Ciencias Naturales<\/p>\n\n\n\n<p class=\"has-light-green-cyan-background-color has-background\">Sujeto de la Educaci\u00f3n<\/p>\n\n\n\n<p class=\"has-pale-cyan-blue-background-color has-background\">Pr\u00e1ctica I: Aproximaci\u00f3n a las Instituciones socioculturales y educativas en su contexto<\/p>\n<\/div>\n<\/div>\n\n\n\n<div class=\"wp-block-columns is-layout-flex wp-container-10\">\n<div class=\"wp-block-column is-layout-flow\" style=\"flex-basis:33.33%\">\n<p class=\"has-text-align-center has-luminous-vivid-orange-color has-vivid-green-cyan-background-color has-text-color has-background\"><strong>2\u00b0 A\u00f1o<\/strong><\/p>\n<\/div>\n\n\n\n<div class=\"wp-block-column is-layout-flow\" style=\"flex-basis:66.66%\">\n<p class=\"has-light-green-cyan-background-color has-background\">Estado, Sociedad y Educaci\u00f3n<\/p>\n\n\n\n<p class=\"has-pale-cyan-blue-background-color has-background\">Alfabetizaci\u00f3n<\/p>\n\n\n\n<p class=\"has-light-green-cyan-background-color has-background\">Did\u00e1ctica de la Matem\u00e1tica<\/p>\n\n\n\n<p class=\"has-pale-cyan-blue-background-color has-background\">Bases neuro-psico-biol\u00f3gicas del Desarrollo<\/p>\n\n\n\n<p class=\"has-light-green-cyan-background-color has-background\">Problemas Contempor\u00e1neos de la Educaci\u00f3n Especial e Inclusiva<\/p>\n\n\n\n<p class=\"has-pale-cyan-blue-background-color has-background\">Did\u00e1ctica de la Lengua<\/p>\n\n\n\n<p class=\"has-light-green-cyan-background-color has-background\">Did\u00e1ctica de las Ciencias Sociales<\/p>\n\n\n\n<p class=\"has-pale-cyan-blue-background-color has-background\">Did\u00e1ctica de las Ciencias Naturales<\/p>\n\n\n\n<p class=\"has-light-green-cyan-background-color has-background\">Did\u00e1ctica y Curriculum<\/p>\n\n\n\n<p class=\"has-pale-cyan-blue-background-color has-background\">Sujeto de la Educaci\u00f3n Especial I<\/p>\n\n\n\n<p class=\"has-light-green-cyan-background-color has-background\">Pr\u00e1ctica II: La instituci\u00f3n escolar y las pr\u00e1cticas curriculares<\/p>\n<\/div>\n<\/div>\n\n\n\n<div class=\"wp-block-columns is-layout-flex wp-container-12\">\n<div class=\"wp-block-column is-layout-flow\">\n<p class=\"has-text-align-center has-vivid-purple-color has-text-color has-background has-medium-font-size\" style=\"background-color:#e8e1e2\"><strong>Profesorado de Educaci\u00f3n Especial con Orientaci\u00f3n en Discapacidad Neuromotora<\/strong> (ciclo espec\u00edfico)<\/p>\n<\/div>\n<\/div>\n\n\n\n<div class=\"wp-block-columns is-layout-flex wp-container-15\">\n<div class=\"wp-block-column is-layout-flow\" style=\"flex-basis:33.33%\">\n<p class=\"has-text-align-center has-luminous-vivid-orange-color has-luminous-vivid-amber-background-color has-text-color has-background\"><strong>3\u00b0 A\u00f1o<\/strong><\/p>\n<\/div>\n\n\n\n<div class=\"wp-block-column is-layout-flow\" style=\"flex-basis:66.66%\">\n<p class=\"has-pale-pink-background-color has-background\"><strong>Formaci\u00f3n \u00c9tica y Ciudadana<\/strong><\/p>\n\n\n\n<p class=\"has-vivid-cyan-blue-background-color has-background\"><strong>Comunicaci\u00f3n-Lenguaje y Alteraciones en Sujetos con DNMo<\/strong><\/p>\n\n\n\n<p class=\"has-pale-pink-background-color has-background\"><strong>Tecnolog\u00eda de la Informaci\u00f3n y Comunicaci\u00f3n en Sujetos con DNMo<\/strong><\/p>\n\n\n\n<p class=\"has-vivid-cyan-blue-background-color has-background\"><strong>Psicomotricidad<\/strong><\/p>\n\n\n\n<p class=\"has-pale-pink-background-color has-background\"><strong>Abordaje Pedag\u00f3gico en Sujetos con DNMo<\/strong><\/p>\n\n\n\n<p class=\"has-vivid-cyan-blue-background-color has-background\"><strong>Educaci\u00f3n Sexual Integral<\/strong><\/p>\n\n\n\n<p class=\"has-pale-pink-background-color has-background\"><strong>Anatomofisiolog\u00eda y Patolog\u00eda del Aparato Locomotor<\/strong><\/p>\n\n\n\n<p class=\"has-vivid-cyan-blue-background-color has-background\"><strong>Habilitaci\u00f3n y Reahabilitaci\u00f3n<\/strong><\/p>\n\n\n\n<p class=\"has-pale-pink-background-color has-background\"><strong>Lenguajes Art\u00edsticos: Expresi\u00f3n Corporal y Teatro<\/strong><\/p>\n\n\n\n<p class=\"has-vivid-cyan-blue-background-color has-background\"><strong>Sujeto de la Educaci\u00f3n especial II<\/strong><\/p>\n\n\n\n<p class=\"has-pale-pink-background-color has-background\"><strong>Pr\u00e1ctica III: El aula como escenario de pr\u00e1cticas de ense\u00f1anza, an\u00e1lisis y reflexi\u00f3n sobre las pr\u00e1cticas<\/strong><\/p>\n<\/div>\n<\/div>\n\n\n\n<div class=\"wp-block-columns is-layout-flex wp-container-18\">\n<div class=\"wp-block-column is-layout-flow\" style=\"flex-basis:33.33%\">\n<p class=\"has-text-align-center has-luminous-vivid-orange-color has-luminous-vivid-amber-background-color has-text-color has-background\"><strong>4\u00b0 A\u00f1o<\/strong><\/p>\n<\/div>\n\n\n\n<div class=\"wp-block-column is-layout-flow\" style=\"flex-basis:66.66%\">\n<p class=\"has-vivid-green-cyan-background-color has-background\">\u00c9tica Profesional Docente<\/p>\n\n\n\n<p class=\"has-background\" style=\"background-color:#f9fa00\">Investigaci\u00f3n Educativa<\/p>\n\n\n\n<p class=\"has-vivid-green-cyan-background-color has-background\">Abordaje Pedag\u00f3gico de la Multidiscapacidad y de los trastornos Nmo<\/p>\n\n\n\n<p class=\"has-background\" style=\"background-color:#f9fa00\">Atenci\u00f3n Temprana<\/p>\n\n\n\n<p class=\"has-vivid-green-cyan-background-color has-background\">Inclusi\u00f3n Educativa y Trabajo Interdisciplinario<\/p>\n\n\n\n<p class=\"has-background\" style=\"background-color:#f9fa00\">Abordaje Social y Pedag\u00f3gico de adolescentes, j\u00f3venes y adultos para el desempe\u00f1o social y ocupacional<\/p>\n\n\n\n<p class=\"has-vivid-green-cyan-background-color has-background\">Lenguajes Art\u00edsticos: Expresi\u00f3n visual y musical<\/p>\n\n\n\n<p class=\"has-background\" style=\"background-color:#f9fa00\">Pr\u00e1ctica IV: Residencia Pedag\u00f3gica, Trabajo y Rol Docente<\/p>\n\n\n\n<p class=\"has-vivid-green-cyan-background-color has-background\">UDI I<\/p>\n\n\n\n<p class=\"has-background\" style=\"background-color:#f9fa00\">UDI II<\/p>\n\n\n\n<p class=\"has-vivid-green-cyan-background-color has-background\">UDI III<\/p>\n<\/div>\n<\/div>\n","protected":false},"excerpt":{"rendered":"<p>PLAN DE ESTUDIOS CICLO B\u00c1SICO COM\u00daN A LAS CUATRO ORIENTACIONES 1\u00b0 A\u00f1o Historia Social, Argentina y Latinoamericana Psicolog\u00eda General y Educacional Iniciaci\u00f3n a las TICs Aportes de la Sociolog\u00eda y la Antropolog\u00eda a la Educaci\u00f3n Lengua y Literatura Ciencias Sociales Teor\u00eda de la Educaci\u00f3n Filosof\u00eda y Conocimiento Desarrollo del Pensamiento Matem\u00e1tico Ciencias Naturales Sujeto de &#8230; <a title=\"Profesorado de Educaci\u00f3n Especial con Orientaci\u00f3n en Discapacidad Neuromotora\" class=\"read-more\" href=\"https:\/\/pesmartinez-sjn.infd.edu.ar\/sitio\/profesorado-de-ensenanza-superior-monsenor-dr-silvino-martinez\/\" aria-label=\"More on Profesorado de Educaci\u00f3n Especial con Orientaci\u00f3n en Discapacidad Neuromotora\">[+]<\/a><\/p>\n","protected":false},"author":574,"featured_media":0,"parent":0,"menu_order":0,"comment_status":"closed","ping_status":"closed","template":"","meta":[],"acf":[],"_links":{"self":[{"href":"https:\/\/pesmartinez-sjn.infd.edu.ar\/sitio\/wp-json\/wp\/v2\/pages\/772"}],"collection":[{"href":"https:\/\/pesmartinez-sjn.infd.edu.ar\/sitio\/wp-json\/wp\/v2\/pages"}],"about":[{"href":"https:\/\/pesmartinez-sjn.infd.edu.ar\/sitio\/wp-json\/wp\/v2\/types\/page"}],"author":[{"embeddable":true,"href":"https:\/\/pesmartinez-sjn.infd.edu.ar\/sitio\/wp-json\/wp\/v2\/users\/574"}],"replies":[{"embeddable":true,"href":"https:\/\/pesmartinez-sjn.infd.edu.ar\/sitio\/wp-json\/wp\/v2\/comments?post=772"}],"version-history":[{"count":8,"href":"https:\/\/pesmartinez-sjn.infd.edu.ar\/sitio\/wp-json\/wp\/v2\/pages\/772\/revisions"}],"predecessor-version":[{"id":1740,"href":"https:\/\/pesmartinez-sjn.infd.edu.ar\/sitio\/wp-json\/wp\/v2\/pages\/772\/revisions\/1740"}],"wp:attachment":[{"href":"https:\/\/pesmartinez-sjn.infd.edu.ar\/sitio\/wp-json\/wp\/v2\/media?parent=772"}],"curies":[{"name":"wp","href":"https:\/\/api.w.org\/{rel}","templated":true}]}}