{"id":852,"date":"2018-08-21T16:24:57","date_gmt":"2018-08-21T19:24:57","guid":{"rendered":"https:\/\/pesmartinez-sjn.infd.edu.ar\/sitio\/?page_id=852"},"modified":"2022-12-20T11:26:51","modified_gmt":"2022-12-20T14:26:51","slug":"profesorados","status":"publish","type":"page","link":"https:\/\/pesmartinez-sjn.infd.edu.ar\/sitio\/profesorados\/","title":{"rendered":"PROFESORADOS"},"content":{"rendered":"\n<ul class=\"has-vivid-purple-color has-text-color has-medium-font-size\"><li><em>Profesorado de Educaci\u00f3n Especial con Orientaci\u00f3n <strong>en Ciegos y Disminuidos Visuales<\/strong><\/em><\/li><li><em>Profesorado de Educaci\u00f3n Especial con Orientaci\u00f3n <strong>en Discapacidad Intelectual<\/strong><\/em><\/li><li><em>Profesorado de Educaci\u00f3n Especial con Orientaci\u00f3n <strong>en Sordos e Hipoac\u00fasicos<\/strong> &nbsp;<\/em><\/li><li><em>Profesorado de Educaci\u00f3n Especial con Orientaci\u00f3n <strong>en Discapacidad Neuromotora<\/strong><\/em><\/li><\/ul>\n\n\n\n<p class=\"has-background has-medium-font-size\" style=\"background-color:#d8e3e8\">El egresado del Profesorado de Ense\u00f1anza Superior \u201cMons. Dr. Silvino Mart\u00ednez\u201d deber\u00e1 reunir las condiciones necesarias requeridas para su desempe\u00f1o como un profesional reflexivo, cr\u00edtico, participativo flexible, responsable e id\u00f3neo.<\/p>\n\n\n\n<p class=\"has-medium-font-size\"><strong><em>Se espera del egresado, el desarrollo de actitudes y el alcance de competencias b\u00e1sicas&nbsp; a saber:<\/em><\/strong><\/p>\n\n\n\n<ul class=\"has-background has-medium-font-size\" style=\"background-color:#bcdfef\"><li><span class=\"has-inline-color has-black-color\">Que en su pr\u00e1ctica profesional tenga como preocupaci\u00f3n central el proceso de aprendizaje de sus alumnos.<\/span><\/li><li><span class=\"has-inline-color has-black-color\">Que se desempe\u00f1e como un profesional con facilidad para acceder a la profundizaci\u00f3n cient\u00edfica sobre temas relacionados a la Educaci\u00f3n en General y a la Educaci\u00f3n\u00a0 Especial, en particular; a la investigaci\u00f3n y capacitaci\u00f3n frente a\u00a0 problem\u00e1ticas emergentes.<\/span><\/li><li><span class=\"has-inline-color has-black-color\">Que posea\u00a0 la formaci\u00f3n profesional necesaria para afrontar y superar con \u00e9xito las dificultades de los educandos.<\/span><\/li><li><span class=\"has-inline-color has-black-color\">Que genere adaptaciones curriculares para atender a las necesidades educativas especiales.<\/span><\/li><li><span class=\"has-inline-color has-black-color\">Que genere curriculum alternativos para centros y escuelas de educaci\u00f3n Especial.<\/span><\/li><li><span class=\"has-inline-color has-black-color\">Que apoye el proceso de integraci\u00f3n de los alumnos con necesidades educativas especiales.<\/span><\/li><li><span class=\"has-inline-color has-black-color\">Que sea poseedor de una personalidad equilibrada, axiol\u00f3gicamente esclarecida y comprometida.<\/span><\/li><li><span class=\"has-inline-color has-black-color\">Que sea capaz de incorporar en su pr\u00e1ctica los avances cient\u00edficos tanto te\u00f3rico- metodol\u00f3gicos como tecnol\u00f3gicos.<\/span><\/li><li><span class=\"has-inline-color has-black-color\">Que tenga la apertura necesaria para solicitar la intervenci\u00f3n multiprofesional como alternativa de colaboraci\u00f3n en el proceso de ense\u00f1anza \u2013 aprendizaje.<\/span><\/li><li><span class=\"has-inline-color has-black-color\">Que alcance el dominio de los contenidos a ense\u00f1ar, conociendo la fundamentaci\u00f3n te\u00f3rica y epistemol\u00f3gica de su disciplina.<\/span><\/li><li><span class=\"has-inline-color has-black-color\">Con capacidad para reflexionar sobre las propias pr\u00e1cticas\u00a0 educativas, que le permitan introducir los cambios e innovaciones curriculares\u00a0 pertinentes.<\/span><\/li><li><span class=\"has-inline-color has-black-color\">Con condiciones para orientar\u00a0 y conducir el proceso de aprendizaje de los educandos con necesidades educativas especiales dentro del nivel de la E.G.B.<\/span><\/li><li><span class=\"has-inline-color has-black-color\">Con disposici\u00f3n para\u00a0 detectar problem\u00e1ticas especificas.<\/span><\/li><li><span class=\"has-inline-color has-black-color\">Con competencias profesionales para participar en las acciones pedag\u00f3gicas e institucionales, trabajo en equipo, elaboraci\u00f3n de proyectos, etc.<\/span><\/li><li><span class=\"has-inline-color has-black-color\">Con capacidad de brindar alternativas de cambio en funci\u00f3n de las caracter\u00edsticas socio-econ\u00f3micas de su medio de inserci\u00f3n.<\/span><\/li><li><span class=\"has-inline-color has-black-color\">Con conciencia de la necesidad de actuar adecuadamente frente a l medio familiar, promoviendo la integraci\u00f3n familia- escuela como criterio esencial parea garantizar la eficacia de la tarea educativa.<\/span><\/li><li><span class=\"has-inline-color has-black-color\">Con idoneidad, apto para el ejercicio de la docencia\u00a0 en la educaci\u00f3n especial.<\/span><\/li><li><span class=\"has-inline-color has-black-color\">Con vocaci\u00f3n, con inclinaci\u00f3n espiritual para la ense\u00f1anza en general y en especial para la ense\u00f1anza a educandos con necesidades educativas especiales.<\/span><\/li><\/ul>\n","protected":false},"excerpt":{"rendered":"<p>Profesorado de Educaci\u00f3n Especial con Orientaci\u00f3n en Ciegos y Disminuidos Visuales Profesorado de Educaci\u00f3n Especial con Orientaci\u00f3n en Discapacidad Intelectual Profesorado de Educaci\u00f3n Especial con Orientaci\u00f3n en Sordos e Hipoac\u00fasicos &nbsp; Profesorado de Educaci\u00f3n Especial con Orientaci\u00f3n en Discapacidad Neuromotora El egresado del Profesorado de Ense\u00f1anza Superior \u201cMons. Dr. Silvino Mart\u00ednez\u201d deber\u00e1 reunir las condiciones &#8230; <a title=\"PROFESORADOS\" class=\"read-more\" href=\"https:\/\/pesmartinez-sjn.infd.edu.ar\/sitio\/profesorados\/\" aria-label=\"More on PROFESORADOS\">[+]<\/a><\/p>\n","protected":false},"author":574,"featured_media":0,"parent":0,"menu_order":0,"comment_status":"closed","ping_status":"closed","template":"","meta":[],"acf":[],"_links":{"self":[{"href":"https:\/\/pesmartinez-sjn.infd.edu.ar\/sitio\/wp-json\/wp\/v2\/pages\/852"}],"collection":[{"href":"https:\/\/pesmartinez-sjn.infd.edu.ar\/sitio\/wp-json\/wp\/v2\/pages"}],"about":[{"href":"https:\/\/pesmartinez-sjn.infd.edu.ar\/sitio\/wp-json\/wp\/v2\/types\/page"}],"author":[{"embeddable":true,"href":"https:\/\/pesmartinez-sjn.infd.edu.ar\/sitio\/wp-json\/wp\/v2\/users\/574"}],"replies":[{"embeddable":true,"href":"https:\/\/pesmartinez-sjn.infd.edu.ar\/sitio\/wp-json\/wp\/v2\/comments?post=852"}],"version-history":[{"count":8,"href":"https:\/\/pesmartinez-sjn.infd.edu.ar\/sitio\/wp-json\/wp\/v2\/pages\/852\/revisions"}],"predecessor-version":[{"id":1743,"href":"https:\/\/pesmartinez-sjn.infd.edu.ar\/sitio\/wp-json\/wp\/v2\/pages\/852\/revisions\/1743"}],"wp:attachment":[{"href":"https:\/\/pesmartinez-sjn.infd.edu.ar\/sitio\/wp-json\/wp\/v2\/media?parent=852"}],"curies":[{"name":"wp","href":"https:\/\/api.w.org\/{rel}","templated":true}]}}