{"id":962,"date":"2020-03-29T23:49:24","date_gmt":"2020-03-30T02:49:24","guid":{"rendered":"https:\/\/pesmartinez-sjn.infd.edu.ar\/sitio\/?page_id=962"},"modified":"2025-03-28T19:54:00","modified_gmt":"2025-03-28T22:54:00","slug":"aulas-virtuales-como-inscribirse","status":"publish","type":"page","link":"https:\/\/pesmartinez-sjn.infd.edu.ar\/sitio\/aulas-virtuales-como-inscribirse\/","title":{"rendered":"Aulas Virtuales &#8211; C\u00f3mo inscribirse"},"content":{"rendered":"\n<div class=\"wp-block-group is-layout-constrained\"><div class=\"wp-block-group__inner-container\">\n<div id=\"skip-link\">\u00a0<\/div>\n<div class=\"region region-content\">\n<div id=\"block-system-main\" class=\"block block-system clearfix\">\n<section>\n<article class=\"container content_format\">\n<div class=\"col-md-8 col-md-offset-2\">\n<div class=\"panel-pane pane-separador\">\n<div class=\"pane-content\"><span style=\"color: inherit; font-family: inherit; font-size: 2em; font-weight: 600;\">Si nunca se inscribi\u00f3 en las Aulas Virtuales\u00a0\u00a0<\/span><\/div>\n<\/div>\n<div class=\"panel-pane pane-entity-field pane-node-body\">\n<div class=\"pane-content\">\n<div class=\"field field-name-body field-type-text-with-summary field-label-hidden\">\n<div class=\"field-items\">\n<div class=\"field-item even\">\n<p>Si es la primera vez\u00a0 que se quiere inscribir, debe completar todo el formulario, con sus datos personales. Revise los datos antes de confirmar ya que no podr\u00e1 editarlos luego. Recibir\u00e1 la confirmaci\u00f3n de inscripci\u00f3n de manera autom\u00e1tica en su mail.<\/p>\n<h3>Si ud. ya se inscribi\u00f3 en alguna actividad virtual del Profesorado, siga estos pasos:<\/h3>\n<p>Ud. ya es usuario del sistema de inscripciones. Esto quiere decir que debe completar su mail en el formulario, y al hacerlo el sistema le reenviar\u00e1 un mensaje autom\u00e1tico a su cuenta de correo.<br \/>Debe ingresar en ese enlace para poder inscirbirse. Por una cuesti\u00f3n de seguridad, recuerde que ese enlace debe utilizarlo en el mismo momento en que lo recibi\u00f3 ya que deja de funcionar luego de 5 minutos. Complete la informaci\u00f3n faltante y obligatorios, revise los datos precargados, y recibir\u00e1 un correo con la confirmaci\u00f3n de su inscripci\u00f3n.<\/p>\n<h3>\u00bfQu\u00e9 pasa si no me llega el mail de confirmaci\u00f3n?<\/h3>\n<p>Lo primero que debe hacer es revisar el correo con el cu\u00e1l se registr\u00f3, ir a las bandejas de SPAM o correo no deseado, notificaciones, novedades, etc. Si en ninguna de sus bandejas de correo est\u00e1 la confirmaci\u00f3n, es decir, si no la recibi\u00f3, no se proces\u00f3 la misma.<br \/>Puede ingresar nuevamente con el mismo mail registrado para corroborar.<\/p>\n<h3>\u00bfQu\u00e9 pasa si noto que tengo alg\u00fan dato incorrecto en el formulario y no lo puedo editar?<\/h3>\n<p>Debe enviar todos sus datos personales al correo\u00a0\u00a0<span class=\"__cf_email__\" data-cfemail=\"d5b6babba6a0b9a1b4b6a0a7a6baa695b6b0bbb4a7b0a6bafbb2bab7fbb4a7\">profe.raulzapata@gmail.com<\/span> y solicitar, detallando exactamente el dato err\u00f3neo y el dato correcto el cambio.<\/p>\n<h3>Recib\u00ed la confirmaci\u00f3n y cuando quiero ingresar al aula virtual no puedo: \u00bfest\u00e1 mal mi usuario?<\/h3>\n<p>El aula virtual se habilita el d\u00eda que inicia el curso, y para notificar a los cursantes, se env\u00eda a toda el aula un mensaje de aviso. Antes de ese momento, nadie podr\u00e1 ingresar al aula virtual.<\/p>\n<h3>Es el d\u00eda de inicio, recib\u00ed el mensaje de mi tutor\/a y no puedo ingresar. \u00bfQu\u00e9 hago?<\/h3>\n<p>En ese caso es fundamental que escriba a\u00a0<span class=\"__cf_email__\" data-cfemail=\"d5b6babba6a0b9a1b4b6a0a7a6baa695b6b0bbb4a7b0a6bafbb2bab7fbb4a7\">profe.raulzapata@gmail.com<\/span> detallando sus datos personales (nombre, apellido, dni) y el curso al cu\u00e1l se inscribi\u00f3.<br \/>La mesa de ayuda resolver\u00e1 el inconveniente con celeridad.<\/p>\n<\/div>\n<\/div>\n<div class=\"LS81yb TZTnI IKVHqc aVXSwc yaqOZd\">\n<div class=\"zXDYWd guoAab mYVXT\">\n<div class=\"JNdkSc-SmKAyb\">\n<div class=\"ZqMSce group_Default cZyAtc\" tabindex=\"-1\" aria-label=\"Grupo que empieza en la columna 0 con\u00a02 mosaicos: V\u00eddeo de YouTube Texto\">\n<div class=\"N6Sutc\">\n<div class=\"oKdM2c guoAab row_Default\">\n<div class=\"jXK9ad-SmKAyb v7v1sb\">\n<div class=\"T8a1Xd SaaLvd uSKWm baZpAe OWlOyc\" role=\"gridcell\" aria-grabbed=\"false\" aria-selected=\"false\" aria-label=\"V\u00eddeo de YouTube\">\n<div class=\"WIdY2d\" data-id=\"c4c0f4f12e050e4_21\">\n<div class=\"lIE3uc\">\n<p><iframe class=\" YMEQtf VexwDf\" tabindex=\"-1\" src=\"https:\/\/www.youtube.com\/embed\/32G9bSdK6vc\" scrolling=\"no\" sandbox=\"allow-scripts allow-popups allow-forms allow-same-origin allow-popups-to-escape-sandbox allow-downloads\" aria-disabled=\"true\"><\/iframe><\/p>\n<\/div>\n<\/div>\n<div data-container-id=\"c4c0f4f12e050e4_21\">\u00a0<\/div>\n<\/div>\n<\/div>\n<\/div>\n<\/div>\n<\/div>\n<\/div>\n<\/div>\n<\/div>\n<\/div>\n<\/div>\n<\/div>\n<div class=\"panel-separator\">\u00a0<\/div>\n<div class=\"panel-pane pane-atajos\">\n<div class=\"pane-content\">\n<div class=\"row\">\n<div class=\"col-xs-12 text-center\"><a class=\"btn btn-default\" href=\"https:\/\/pesmartinez-sjn.infd.edu.ar\/sitio\/inscripciones-2020\/\">Volver a los cursos<\/a><\/div>\n<\/div>\n<\/div>\n<\/div>\n<\/div>\n<\/article>\n<\/section>\n<\/div>\n<\/div>\n<\/div><\/div>\n","protected":false},"excerpt":{"rendered":"<p>\u00a0 Si nunca se inscribi\u00f3 en las Aulas Virtuales\u00a0\u00a0 Si es la primera vez\u00a0 que se quiere inscribir, debe completar todo el formulario, con sus datos personales. Revise los datos antes de confirmar ya que no podr\u00e1 editarlos luego. Recibir\u00e1 la confirmaci\u00f3n de inscripci\u00f3n de manera autom\u00e1tica en su mail. Si ud. ya se inscribi\u00f3 &#8230; <a title=\"Aulas Virtuales &#8211; C\u00f3mo inscribirse\" class=\"read-more\" href=\"https:\/\/pesmartinez-sjn.infd.edu.ar\/sitio\/aulas-virtuales-como-inscribirse\/\" aria-label=\"More on Aulas Virtuales &#8211; C\u00f3mo inscribirse\">[+]<\/a><\/p>\n","protected":false},"author":574,"featured_media":0,"parent":0,"menu_order":0,"comment_status":"closed","ping_status":"closed","template":"","meta":[],"acf":[],"_links":{"self":[{"href":"https:\/\/pesmartinez-sjn.infd.edu.ar\/sitio\/wp-json\/wp\/v2\/pages\/962"}],"collection":[{"href":"https:\/\/pesmartinez-sjn.infd.edu.ar\/sitio\/wp-json\/wp\/v2\/pages"}],"about":[{"href":"https:\/\/pesmartinez-sjn.infd.edu.ar\/sitio\/wp-json\/wp\/v2\/types\/page"}],"author":[{"embeddable":true,"href":"https:\/\/pesmartinez-sjn.infd.edu.ar\/sitio\/wp-json\/wp\/v2\/users\/574"}],"replies":[{"embeddable":true,"href":"https:\/\/pesmartinez-sjn.infd.edu.ar\/sitio\/wp-json\/wp\/v2\/comments?post=962"}],"version-history":[{"count":11,"href":"https:\/\/pesmartinez-sjn.infd.edu.ar\/sitio\/wp-json\/wp\/v2\/pages\/962\/revisions"}],"predecessor-version":[{"id":2215,"href":"https:\/\/pesmartinez-sjn.infd.edu.ar\/sitio\/wp-json\/wp\/v2\/pages\/962\/revisions\/2215"}],"wp:attachment":[{"href":"https:\/\/pesmartinez-sjn.infd.edu.ar\/sitio\/wp-json\/wp\/v2\/media?parent=962"}],"curies":[{"name":"wp","href":"https:\/\/api.w.org\/{rel}","templated":true}]}}